{"id":35570,"date":"2023-10-29T19:23:37","date_gmt":"2023-10-29T18:23:37","guid":{"rendered":"https:\/\/elevagemassa.com\/?page_id=35570"},"modified":"2023-10-29T19:26:53","modified_gmt":"2023-10-29T18:26:53","slug":"politique-de-confidentialite","status":"publish","type":"page","link":"https:\/\/elevagemassa.com\/en\/politique-de-confidentialite\/","title":{"rendered":"Politique de confidentialit\u00e9"},"content":{"rendered":"<div  class='flex_column av-av_one_fifth-aa5fe5534a8b570dbeaa0c2725258fec av_one_fifth  avia-builder-el-0  el_before_av_three_fifth  avia-builder-el-first  first flex_column_div  '     ><\/div>\n<div  class='flex_column av-av_three_fifth-fdc8dc64e1c813fefec5087db98e1330 av_three_fifth  avia-builder-el-1  el_after_av_one_fifth  el_before_av_one_fifth  flex_column_div  '     ><section  class='av_textblock_section av-lnen91r6-67e992039fc9e10206664f5fa018a065 '   itemscope=\"itemscope\" itemtype=\"https:\/\/schema.org\/CreativeWork\" ><div class='avia_textblock'  itemprop=\"text\" ><div class=\"elementor-text-editor elementor-clearfix\">\n<h4><strong>Pr\u00e9ambule<\/strong><\/h4>\n<div class=\"flex flex-grow flex-col gap-3\">\n<div class=\"min-h-&#091;20px&#093; flex flex-col items-start gap-3 overflow-x-auto whitespace-pre-wrap break-words\">\n<div class=\"markdown prose w-full break-words dark:prose-invert light\">\n<p>La pr\u00e9sente politique de confidentialit\u00e9 informe sur la mani\u00e8re dont <strong>massahorses.com<\/strong> utilise et prot\u00e8ge les informations que vous pourriez nous transmettre lorsque vous utilisez notre site accessible via l\u2019URL suivante : massahorses.com<\/p>\n<p>Veuillez noter que cette politique de confidentialit\u00e9 peut \u00eatre modifi\u00e9e ou compl\u00e9t\u00e9e par\u00a0<strong>massahorses.com<\/strong> \u00e0 tout moment, notamment pour se conformer aux \u00e9volutions l\u00e9gales ou technologiques. En cas de modification, la date de mise \u00e0 jour sera clairement indiqu\u00e9e en t\u00eate de cette politique. Les modifications seront effectives d\u00e8s leur publication en ligne, c\u2019est pourquoi il est recommand\u00e9 de consulter r\u00e9guli\u00e8rement cette politique de confidentialit\u00e9 pour prendre connaissance d\u2019\u00e9ventuelles modifications.<\/p>\n<\/div>\n<\/div>\n<\/div>\n<h4><strong>Collecte d\u2019Informations<\/strong><\/h4>\n<p>Lorsque vous visitez notre site, nous pouvons recueillir automatiquement certaines informations sur votre appareil, y compris votre adresse IP, le navigateur que vous utilisez et les pages que vous visitez. Nous pouvons \u00e9galement collecter des informations que vous choisissez de nous fournir, telles que votre nom, adresse e-mail et num\u00e9ro de t\u00e9l\u00e9phone lorsque vous remplissez un formulaire de contact.<\/p>\n<h4><strong>Utilisation des Informations<\/strong><\/h4>\n<p>Les informations que nous collectons sont utilis\u00e9es pour am\u00e9liorer notre site web, personnaliser votre exp\u00e9rience et r\u00e9pondre \u00e0 vos demandes. Nous pouvons \u00e9galement utiliser vos informations pour vous envoyer des communications li\u00e9es \u00e0 nos services, des promotions ou des mises \u00e0 jour.<\/p>\n<h4><strong>Protection des Donn\u00e9es<\/strong><\/h4>\n<p>Nous prenons des mesures de s\u00e9curit\u00e9 appropri\u00e9es pour prot\u00e9ger vos donn\u00e9es personnelles contre tout acc\u00e8s non autoris\u00e9, alt\u00e9ration, divulgation ou destruction.<\/p>\n<h4><strong>Partage d\u2019Informations<\/strong><\/h4>\n<p>Nous ne vendons ni ne louons vos informations personnelles \u00e0 des tiers. Nous pouvons partager vos informations avec des prestataires de services tiers qui nous aident \u00e0 exploiter notre site web ou \u00e0 fournir nos services.<\/p>\n<h4><strong>Cookies<\/strong><\/h4>\n<p>Notre site web peut utiliser des cookies pour am\u00e9liorer votre exp\u00e9rience en ligne. Vous pouvez ajuster les param\u00e8tres de votre navigateur pour refuser les cookies ou \u00eatre inform\u00e9 lorsque des cookies sont envoy\u00e9s.<\/p>\n<h4><strong>Vos Choix<\/strong><\/h4>\n<p>Vous pouvez choisir de ne pas fournir certaines informations ou de d\u00e9sactiver certaines fonctionnalit\u00e9s, mais cela peut affecter votre utilisation de notre site web.<\/p>\n<p>En utilisant notre site, vous acceptez notre politique de confidentialit\u00e9 et les conditions qui y sont \u00e9nonc\u00e9es. Si vous avez des questions ou des pr\u00e9occupations concernant notre politique de confidentialit\u00e9, veuillez nous contacter \u00e0 info@elevagemassa.com.<\/p>\n<p>Derni\u00e8re mise \u00e0 jour : 01\/11\/2023<\/p>\n<\/div>\n<\/div><\/section><\/div><div  class='flex_column av-av_one_fifth-fdc8dc64e1c813fefec5087db98e1330 av_one_fifth  avia-builder-el-3  el_after_av_three_fifth  avia-builder-el-last  flex_column_div  '     ><\/div><\/p>\n","protected":false},"excerpt":{"rendered":"","protected":false},"author":3,"featured_media":0,"parent":0,"menu_order":0,"comment_status":"closed","ping_status":"closed","template":"","meta":{"_acf_changed":false,"_monsterinsights_skip_tracking":false,"_monsterinsights_sitenote_active":false,"_monsterinsights_sitenote_note":"","_monsterinsights_sitenote_category":0,"footnotes":""},"class_list":["post-35570","page","type-page","status-publish","hentry"],"acf":[],"yoast_head":"<!-- This site is optimized with the Yoast SEO plugin v27.3 - https:\/\/yoast.com\/product\/yoast-seo-wordpress\/ -->\n<title>Politique de confidentialit\u00e9 - Massa Horses<\/title>\n<meta name=\"robots\" content=\"index, follow, max-snippet:-1, max-image-preview:large, max-video-preview:-1\" \/>\n<link rel=\"canonical\" href=\"https:\/\/elevagemassa.com\/en\/politique-de-confidentialite\/\" \/>\n<meta property=\"og:locale\" content=\"en_US\" \/>\n<meta property=\"og:type\" content=\"article\" \/>\n<meta property=\"og:title\" content=\"Politique de confidentialit\u00e9 - Massa Horses\" \/>\n<meta property=\"og:url\" content=\"https:\/\/elevagemassa.com\/en\/politique-de-confidentialite\/\" \/>\n<meta property=\"og:site_name\" content=\"Massa Horses\" \/>\n<meta property=\"article:modified_time\" content=\"2023-10-29T18:26:53+00:00\" \/>\n<meta name=\"twitter:card\" content=\"summary_large_image\" \/>\n<meta name=\"twitter:label1\" content=\"Est. reading time\" \/>\n\t<meta name=\"twitter:data1\" content=\"5 minutes\" \/>\n<script type=\"application\/ld+json\" class=\"yoast-schema-graph\">{\"@context\":\"https:\\\/\\\/schema.org\",\"@graph\":[{\"@type\":\"WebPage\",\"@id\":\"https:\\\/\\\/elevagemassa.com\\\/en\\\/politique-de-confidentialite\\\/\",\"url\":\"https:\\\/\\\/elevagemassa.com\\\/en\\\/politique-de-confidentialite\\\/\",\"name\":\"Politique de confidentialit\u00e9 - Massa Horses\",\"isPartOf\":{\"@id\":\"https:\\\/\\\/elevagemassa.com\\\/en\\\/#website\"},\"datePublished\":\"2023-10-29T18:23:37+00:00\",\"dateModified\":\"2023-10-29T18:26:53+00:00\",\"breadcrumb\":{\"@id\":\"https:\\\/\\\/elevagemassa.com\\\/en\\\/politique-de-confidentialite\\\/#breadcrumb\"},\"inLanguage\":\"en-US\",\"potentialAction\":[{\"@type\":\"ReadAction\",\"target\":[\"https:\\\/\\\/elevagemassa.com\\\/en\\\/politique-de-confidentialite\\\/\"]}]},{\"@type\":\"BreadcrumbList\",\"@id\":\"https:\\\/\\\/elevagemassa.com\\\/en\\\/politique-de-confidentialite\\\/#breadcrumb\",\"itemListElement\":[{\"@type\":\"ListItem\",\"position\":1,\"name\":\"Home\",\"item\":\"https:\\\/\\\/elevagemassa.com\\\/en\\\/\"},{\"@type\":\"ListItem\",\"position\":2,\"name\":\"Politique de confidentialit\u00e9\"}]},{\"@type\":\"WebSite\",\"@id\":\"https:\\\/\\\/elevagemassa.com\\\/en\\\/#website\",\"url\":\"https:\\\/\\\/elevagemassa.com\\\/en\\\/\",\"name\":\"Massa Horses\",\"description\":\"Vente et entra\u00eenement de chevaux de dressage\",\"potentialAction\":[{\"@type\":\"SearchAction\",\"target\":{\"@type\":\"EntryPoint\",\"urlTemplate\":\"https:\\\/\\\/elevagemassa.com\\\/en\\\/?s={search_term_string}\"},\"query-input\":{\"@type\":\"PropertyValueSpecification\",\"valueRequired\":true,\"valueName\":\"search_term_string\"}}],\"inLanguage\":\"en-US\"}]}<\/script>\n<!-- \/ Yoast SEO plugin. -->","yoast_head_json":{"title":"Politique de confidentialit\u00e9 - Massa Horses","robots":{"index":"index","follow":"follow","max-snippet":"max-snippet:-1","max-image-preview":"max-image-preview:large","max-video-preview":"max-video-preview:-1"},"canonical":"https:\/\/elevagemassa.com\/en\/politique-de-confidentialite\/","og_locale":"en_US","og_type":"article","og_title":"Politique de confidentialit\u00e9 - Massa Horses","og_url":"https:\/\/elevagemassa.com\/en\/politique-de-confidentialite\/","og_site_name":"Massa Horses","article_modified_time":"2023-10-29T18:26:53+00:00","twitter_card":"summary_large_image","twitter_misc":{"Est. reading time":"5 minutes"},"schema":{"@context":"https:\/\/schema.org","@graph":[{"@type":"WebPage","@id":"https:\/\/elevagemassa.com\/en\/politique-de-confidentialite\/","url":"https:\/\/elevagemassa.com\/en\/politique-de-confidentialite\/","name":"Politique de confidentialit\u00e9 - Massa Horses","isPartOf":{"@id":"https:\/\/elevagemassa.com\/en\/#website"},"datePublished":"2023-10-29T18:23:37+00:00","dateModified":"2023-10-29T18:26:53+00:00","breadcrumb":{"@id":"https:\/\/elevagemassa.com\/en\/politique-de-confidentialite\/#breadcrumb"},"inLanguage":"en-US","potentialAction":[{"@type":"ReadAction","target":["https:\/\/elevagemassa.com\/en\/politique-de-confidentialite\/"]}]},{"@type":"BreadcrumbList","@id":"https:\/\/elevagemassa.com\/en\/politique-de-confidentialite\/#breadcrumb","itemListElement":[{"@type":"ListItem","position":1,"name":"Home","item":"https:\/\/elevagemassa.com\/en\/"},{"@type":"ListItem","position":2,"name":"Politique de confidentialit\u00e9"}]},{"@type":"WebSite","@id":"https:\/\/elevagemassa.com\/en\/#website","url":"https:\/\/elevagemassa.com\/en\/","name":"Massa Horses","description":"Vente et entra\u00eenement de chevaux de dressage","potentialAction":[{"@type":"SearchAction","target":{"@type":"EntryPoint","urlTemplate":"https:\/\/elevagemassa.com\/en\/?s={search_term_string}"},"query-input":{"@type":"PropertyValueSpecification","valueRequired":true,"valueName":"search_term_string"}}],"inLanguage":"en-US"}]}},"_links":{"self":[{"href":"https:\/\/elevagemassa.com\/en\/wp-json\/wp\/v2\/pages\/35570","targetHints":{"allow":["GET"]}}],"collection":[{"href":"https:\/\/elevagemassa.com\/en\/wp-json\/wp\/v2\/pages"}],"about":[{"href":"https:\/\/elevagemassa.com\/en\/wp-json\/wp\/v2\/types\/page"}],"author":[{"embeddable":true,"href":"https:\/\/elevagemassa.com\/en\/wp-json\/wp\/v2\/users\/3"}],"replies":[{"embeddable":true,"href":"https:\/\/elevagemassa.com\/en\/wp-json\/wp\/v2\/comments?post=35570"}],"version-history":[{"count":3,"href":"https:\/\/elevagemassa.com\/en\/wp-json\/wp\/v2\/pages\/35570\/revisions"}],"predecessor-version":[{"id":35573,"href":"https:\/\/elevagemassa.com\/en\/wp-json\/wp\/v2\/pages\/35570\/revisions\/35573"}],"wp:attachment":[{"href":"https:\/\/elevagemassa.com\/en\/wp-json\/wp\/v2\/media?parent=35570"}],"curies":[{"name":"wp","href":"https:\/\/api.w.org\/{rel}","templated":true}]}}