{"id":35561,"date":"2023-10-29T19:01:26","date_gmt":"2023-10-29T18:01:26","guid":{"rendered":"https:\/\/elevagemassa.com\/?page_id=35561"},"modified":"2023-10-29T19:14:24","modified_gmt":"2023-10-29T18:14:24","slug":"mentions-legales","status":"publish","type":"page","link":"https:\/\/elevagemassa.com\/en\/mentions-legales\/","title":{"rendered":"Mentions l\u00e9gales"},"content":{"rendered":"<div  class='flex_column av-av_one_fifth-aa5fe5534a8b570dbeaa0c2725258fec av_one_fifth  avia-builder-el-0  el_before_av_three_fifth  avia-builder-el-first  first flex_column_div  '     ><\/div>\n<div  class='flex_column av-av_three_fifth-fdc8dc64e1c813fefec5087db98e1330 av_three_fifth  avia-builder-el-1  el_after_av_one_fifth  el_before_av_one_fifth  flex_column_div  '     ><section  class='av_textblock_section av-lnen91r6-67e992039fc9e10206664f5fa018a065 '   itemscope=\"itemscope\" itemtype=\"https:\/\/schema.org\/CreativeWork\" ><div class='avia_textblock'  itemprop=\"text\" ><div class=\"elementor-text-editor elementor-clearfix\">\n<h4><strong>\u00c9diteur du site<\/strong><\/h4>\n<p>Massa Horses<\/p>\n<p>Adresse : Chemin de la Font du Broc &#8211; 83460 Les Arcs sur Argens &#8211; France<\/p>\n<p>T\u00e9l\u00e9phone : +33 (0)4 94 47 48 20<\/p>\n<p>E-mail : info@elevagemassa.com<\/p>\n<h4><strong>H\u00e9bergement du site<\/strong><\/h4>\n<p>Le site web <strong>massahorses.com<\/strong> est h\u00e9berg\u00e9 par <strong>Kinsta Inc<\/strong>., dont le si\u00e8ge social est situ\u00e9 9 E. Loockerman St., Suite 311 Dover, DE 19901.<\/p>\n<h4><strong>Propri\u00e9t\u00e9 intellectuelle<\/strong><\/h4>\n<p>Le contenu de ce site, y compris les textes, les images, les vid\u00e9os, les logos et tout autre \u00e9l\u00e9ment, est la propri\u00e9t\u00e9 de Massa Horses ou est utilis\u00e9 avec l&#8217;autorisation des propri\u00e9taires respectifs. Toute reproduction, distribution, modification ou utilisation de tout ou partie du contenu, sans autorisation pr\u00e9alable \u00e9crite, est strictement interdite.<\/p>\n<h4><strong>Protection des donn\u00e9es personnelles<\/strong><\/h4>\n<p><strong>massahorses.com<\/strong> s&#8217;engage \u00e0 prot\u00e9ger la vie priv\u00e9e de ses visiteurs. Pour plus d&#8217;informations sur la collecte et le traitement des donn\u00e9es personnelles, veuillez consulter notre politique de confidentialit\u00e9 .<\/p>\n<h4><strong>Responsabilit\u00e9<\/strong><\/h4>\n<p>Massa Horses ne saurait \u00eatre tenu responsable des dommages directs ou indirects r\u00e9sultant de l&#8217;utilisation de ce site web ou de l&#8217;impossibilit\u00e9 d&#8217;y acc\u00e9der. Les informations fournies sur ce site sont fournies \u00e0 titre informatif et ne constituent pas un avis professionnel. Massa Horses se r\u00e9serve le droit de modifier le contenu de ce site \u00e0 tout moment sans pr\u00e9avis.<\/p>\n<h4><strong>Liens externes<\/strong><\/h4>\n<p>Ce site peut contenir des liens vers des sites web tiers. Massa Horses n&#8217;a aucun contr\u00f4le sur le contenu ou les pratiques de confidentialit\u00e9 de ces sites et ne peut donc \u00eatre tenu responsable de leur contenu ou de leurs actions. L&#8217;inclusion de liens vers ces sites ne constitue pas une approbation de leur contenu.<\/p>\n<h4><strong>Droit applicable et juridiction comp\u00e9tente<\/strong><\/h4>\n<p>Tout litige li\u00e9 \u00e0 l&#8217;utilisation de ce site web sera r\u00e9gi par le droit fran\u00e7ais. En cas de litige, les tribunaux fran\u00e7ais seront seuls comp\u00e9tents.<\/p>\n<h4>Directeur de la publication<\/h4>\n<p>Massa Horses<\/p>\n<h4>Mentions de copyright<\/h4>\n<p>Tous les textes, images, fichiers video et autres informations publi\u00e9s dans le pr\u00e9sent document sont, sauf indication contraire, la propri\u00e9t\u00e9 exclusive de la soci\u00e9t\u00e9 Massa Horses. Toute reproduction ou diffusion, int\u00e9grale ou partielle, sans le consentement \u00e9crit de Massa Horses est illicite. Le monogramme MH et le logotype Massa Horses sont des marques d\u00e9pos\u00e9es de la soci\u00e9t\u00e9 Massa Horses.<\/p>\n<h4>R\u00e9alisation du site<\/h4>\n<p>Le site web\u00a0<strong>massahorses.com<\/strong> a \u00e9t\u00e9 r\u00e9alis\u00e9 par Julien Alias et DE BRITO Creative \u00a0<a title=\"DBC\" href=\"http:\/\/www.debrito-creative.com\" target=\"_blank\" rel=\"noopener\">www.debrito-creative.com<\/a><\/p>\n<p>Vous pouvez nous contacter par e-mail pour toutes demandes ou remarques d&#8217;ordre g\u00e9n\u00e9ral.<\/p>\n<\/div>\n<\/div><\/section><\/div><div  class='flex_column av-av_one_fifth-fdc8dc64e1c813fefec5087db98e1330 av_one_fifth  avia-builder-el-3  el_after_av_three_fifth  avia-builder-el-last  flex_column_div  '     ><\/div><\/p>\n","protected":false},"excerpt":{"rendered":"","protected":false},"author":3,"featured_media":0,"parent":0,"menu_order":0,"comment_status":"closed","ping_status":"closed","template":"","meta":{"_acf_changed":false,"_monsterinsights_skip_tracking":false,"_monsterinsights_sitenote_active":false,"_monsterinsights_sitenote_note":"","_monsterinsights_sitenote_category":0,"footnotes":""},"class_list":["post-35561","page","type-page","status-publish","hentry"],"acf":[],"yoast_head":"<!-- This site is optimized with the Yoast SEO plugin v27.4 - https:\/\/yoast.com\/product\/yoast-seo-wordpress\/ -->\n<title>Mentions l\u00e9gales - Massa Horses<\/title>\n<meta name=\"robots\" content=\"index, follow, max-snippet:-1, max-image-preview:large, max-video-preview:-1\" \/>\n<link rel=\"canonical\" href=\"https:\/\/elevagemassa.com\/en\/mentions-legales\/\" \/>\n<meta property=\"og:locale\" content=\"en_US\" \/>\n<meta property=\"og:type\" content=\"article\" \/>\n<meta property=\"og:title\" content=\"Mentions l\u00e9gales - Massa Horses\" \/>\n<meta property=\"og:url\" content=\"https:\/\/elevagemassa.com\/en\/mentions-legales\/\" \/>\n<meta property=\"og:site_name\" content=\"Massa Horses\" \/>\n<meta property=\"article:modified_time\" content=\"2023-10-29T18:14:24+00:00\" \/>\n<meta name=\"twitter:card\" content=\"summary_large_image\" \/>\n<meta name=\"twitter:label1\" content=\"Est. reading time\" \/>\n\t<meta name=\"twitter:data1\" content=\"5 minutes\" \/>\n<script type=\"application\/ld+json\" class=\"yoast-schema-graph\">{\"@context\":\"https:\\\/\\\/schema.org\",\"@graph\":[{\"@type\":\"WebPage\",\"@id\":\"https:\\\/\\\/elevagemassa.com\\\/en\\\/mentions-legales\\\/\",\"url\":\"https:\\\/\\\/elevagemassa.com\\\/en\\\/mentions-legales\\\/\",\"name\":\"Mentions l\u00e9gales - Massa Horses\",\"isPartOf\":{\"@id\":\"https:\\\/\\\/elevagemassa.com\\\/en\\\/#website\"},\"datePublished\":\"2023-10-29T18:01:26+00:00\",\"dateModified\":\"2023-10-29T18:14:24+00:00\",\"breadcrumb\":{\"@id\":\"https:\\\/\\\/elevagemassa.com\\\/en\\\/mentions-legales\\\/#breadcrumb\"},\"inLanguage\":\"en-US\",\"potentialAction\":[{\"@type\":\"ReadAction\",\"target\":[\"https:\\\/\\\/elevagemassa.com\\\/en\\\/mentions-legales\\\/\"]}]},{\"@type\":\"BreadcrumbList\",\"@id\":\"https:\\\/\\\/elevagemassa.com\\\/en\\\/mentions-legales\\\/#breadcrumb\",\"itemListElement\":[{\"@type\":\"ListItem\",\"position\":1,\"name\":\"Home\",\"item\":\"https:\\\/\\\/elevagemassa.com\\\/en\\\/\"},{\"@type\":\"ListItem\",\"position\":2,\"name\":\"Mentions l\u00e9gales\"}]},{\"@type\":\"WebSite\",\"@id\":\"https:\\\/\\\/elevagemassa.com\\\/en\\\/#website\",\"url\":\"https:\\\/\\\/elevagemassa.com\\\/en\\\/\",\"name\":\"Massa Horses\",\"description\":\"Vente et entra\u00eenement de chevaux de dressage\",\"potentialAction\":[{\"@type\":\"SearchAction\",\"target\":{\"@type\":\"EntryPoint\",\"urlTemplate\":\"https:\\\/\\\/elevagemassa.com\\\/en\\\/?s={search_term_string}\"},\"query-input\":{\"@type\":\"PropertyValueSpecification\",\"valueRequired\":true,\"valueName\":\"search_term_string\"}}],\"inLanguage\":\"en-US\"}]}<\/script>\n<!-- \/ Yoast SEO plugin. -->","yoast_head_json":{"title":"Mentions l\u00e9gales - Massa Horses","robots":{"index":"index","follow":"follow","max-snippet":"max-snippet:-1","max-image-preview":"max-image-preview:large","max-video-preview":"max-video-preview:-1"},"canonical":"https:\/\/elevagemassa.com\/en\/mentions-legales\/","og_locale":"en_US","og_type":"article","og_title":"Mentions l\u00e9gales - Massa Horses","og_url":"https:\/\/elevagemassa.com\/en\/mentions-legales\/","og_site_name":"Massa Horses","article_modified_time":"2023-10-29T18:14:24+00:00","twitter_card":"summary_large_image","twitter_misc":{"Est. reading time":"5 minutes"},"schema":{"@context":"https:\/\/schema.org","@graph":[{"@type":"WebPage","@id":"https:\/\/elevagemassa.com\/en\/mentions-legales\/","url":"https:\/\/elevagemassa.com\/en\/mentions-legales\/","name":"Mentions l\u00e9gales - Massa Horses","isPartOf":{"@id":"https:\/\/elevagemassa.com\/en\/#website"},"datePublished":"2023-10-29T18:01:26+00:00","dateModified":"2023-10-29T18:14:24+00:00","breadcrumb":{"@id":"https:\/\/elevagemassa.com\/en\/mentions-legales\/#breadcrumb"},"inLanguage":"en-US","potentialAction":[{"@type":"ReadAction","target":["https:\/\/elevagemassa.com\/en\/mentions-legales\/"]}]},{"@type":"BreadcrumbList","@id":"https:\/\/elevagemassa.com\/en\/mentions-legales\/#breadcrumb","itemListElement":[{"@type":"ListItem","position":1,"name":"Home","item":"https:\/\/elevagemassa.com\/en\/"},{"@type":"ListItem","position":2,"name":"Mentions l\u00e9gales"}]},{"@type":"WebSite","@id":"https:\/\/elevagemassa.com\/en\/#website","url":"https:\/\/elevagemassa.com\/en\/","name":"Massa Horses","description":"Vente et entra\u00eenement de chevaux de dressage","potentialAction":[{"@type":"SearchAction","target":{"@type":"EntryPoint","urlTemplate":"https:\/\/elevagemassa.com\/en\/?s={search_term_string}"},"query-input":{"@type":"PropertyValueSpecification","valueRequired":true,"valueName":"search_term_string"}}],"inLanguage":"en-US"}]}},"_links":{"self":[{"href":"https:\/\/elevagemassa.com\/en\/wp-json\/wp\/v2\/pages\/35561","targetHints":{"allow":["GET"]}}],"collection":[{"href":"https:\/\/elevagemassa.com\/en\/wp-json\/wp\/v2\/pages"}],"about":[{"href":"https:\/\/elevagemassa.com\/en\/wp-json\/wp\/v2\/types\/page"}],"author":[{"embeddable":true,"href":"https:\/\/elevagemassa.com\/en\/wp-json\/wp\/v2\/users\/3"}],"replies":[{"embeddable":true,"href":"https:\/\/elevagemassa.com\/en\/wp-json\/wp\/v2\/comments?post=35561"}],"version-history":[{"count":7,"href":"https:\/\/elevagemassa.com\/en\/wp-json\/wp\/v2\/pages\/35561\/revisions"}],"predecessor-version":[{"id":35569,"href":"https:\/\/elevagemassa.com\/en\/wp-json\/wp\/v2\/pages\/35561\/revisions\/35569"}],"wp:attachment":[{"href":"https:\/\/elevagemassa.com\/en\/wp-json\/wp\/v2\/media?parent=35561"}],"curies":[{"name":"wp","href":"https:\/\/api.w.org\/{rel}","templated":true}]}}