{"id":25243,"date":"2018-11-28T11:05:11","date_gmt":"2018-11-28T10:05:11","guid":{"rendered":"https:\/\/www.elevagemassa.com\/nos-races-2\/"},"modified":"2023-10-31T16:10:39","modified_gmt":"2023-10-31T15:10:39","slug":"nos-races","status":"publish","type":"page","link":"https:\/\/elevagemassa.com\/en\/nos-races\/","title":{"rendered":"Nos races"},"content":{"rendered":"<div id='full_slider_1'  class='avia-fullwidth-slider main_color avia-shadow   avia-builder-el-0  el_before_av_section  avia-builder-el-first   container_wrap sidebar_right'  ><div  class='avia-slideshow av-lod25l2w-21617eea36aeaccd453cb2f0d55a92bd avia-slideshow-no scaling av_slideshow_full avia-slide-slider av-slideshow-ui av-control-default av-slideshow-manual av-loop-once av-loop-manual-endless av-default-height-applied   avia-slideshow-1' data-slideshow-options=\"{&quot;animation&quot;:&quot;slide&quot;,&quot;autoplay&quot;:false,&quot;loop_autoplay&quot;:&quot;once&quot;,&quot;interval&quot;:5,&quot;loop_manual&quot;:&quot;manual-endless&quot;,&quot;autoplay_stopper&quot;:false,&quot;noNavigation&quot;:false,&quot;bg_slider&quot;:false,&quot;keep_padding&quot;:false,&quot;hoverpause&quot;:false,&quot;show_slide_delay&quot;:0}\"  itemprop=\"image\" itemscope=\"itemscope\" itemtype=\"https:\/\/schema.org\/ImageObject\" ><ul class='avia-slideshow-inner ' style='padding-bottom: 28%;'><li  class='avia-slideshow-slide av-lod25l2w-21617eea36aeaccd453cb2f0d55a92bd__0  av-single-slide slide-1 slide-odd'><div data-rel='slideshow-1' class='avia-slide-wrap '   ><img decoding=\"async\" class=\"wp-image-35844 avia-img-lazy-loading-not-35844\"  src=\"https:\/\/elevagemassa.com\/wp-content\/uploads\/2023\/10\/mh-nos-races-slide-01.jpg\" width=\"2500\" height=\"700\" title='mh-nos-races-slide-01' alt=''  itemprop=\"thumbnailUrl\" srcset=\"https:\/\/elevagemassa.com\/wp-content\/uploads\/2023\/10\/mh-nos-races-slide-01.jpg 2500w, https:\/\/elevagemassa.com\/wp-content\/uploads\/2023\/10\/mh-nos-races-slide-01-300x84.jpg 300w, https:\/\/elevagemassa.com\/wp-content\/uploads\/2023\/10\/mh-nos-races-slide-01-1030x288.jpg 1030w, https:\/\/elevagemassa.com\/wp-content\/uploads\/2023\/10\/mh-nos-races-slide-01-768x215.jpg 768w, https:\/\/elevagemassa.com\/wp-content\/uploads\/2023\/10\/mh-nos-races-slide-01-1536x430.jpg 1536w, https:\/\/elevagemassa.com\/wp-content\/uploads\/2023\/10\/mh-nos-races-slide-01-2048x573.jpg 2048w, https:\/\/elevagemassa.com\/wp-content\/uploads\/2023\/10\/mh-nos-races-slide-01-1500x420.jpg 1500w, https:\/\/elevagemassa.com\/wp-content\/uploads\/2023\/10\/mh-nos-races-slide-01-705x197.jpg 705w\" sizes=\"(max-width: 2500px) 100vw, 2500px\" \/><\/div><\/li><\/ul><\/div><\/div>\n\n<style type=\"text\/css\" data-created_by=\"avia_inline_auto\" id=\"style-css-av-av_section-7d50cf2fe2911e64d05de3f96cc64cf7\">\n.avia-section.av-av_section-7d50cf2fe2911e64d05de3f96cc64cf7{\nbackground-color:#f6f1eb;\nbackground-image:unset;\n}\n<\/style>\n<div id='av_section_1'  class='avia-section av-av_section-7d50cf2fe2911e64d05de3f96cc64cf7 main_color avia-section-default avia-no-shadow  avia-builder-el-1  el_after_av_slideshow_full  el_before_av_four_fifth  avia-bg-style-scroll container_wrap sidebar_right'  ><div class='container av-section-cont-open' ><div class='template-page content  av-content-small alpha units'><div class='post-entry post-entry-type-page post-entry-25243'><div class='entry-content-wrapper clearfix'>\n\n<style type=\"text\/css\" data-created_by=\"avia_inline_auto\" id=\"style-css-av-loegm3av-573ad0cc509d494bed7e44fc05f41f52\">\n#top .av-special-heading.av-loegm3av-573ad0cc509d494bed7e44fc05f41f52{\npadding-bottom:10px;\nfont-size:30px;\n}\nbody .av-special-heading.av-loegm3av-573ad0cc509d494bed7e44fc05f41f52 .av-special-heading-tag .heading-char{\nfont-size:25px;\n}\n#top #wrap_all .av-special-heading.av-loegm3av-573ad0cc509d494bed7e44fc05f41f52 .av-special-heading-tag{\nfont-size:30px;\n}\n.av-special-heading.av-loegm3av-573ad0cc509d494bed7e44fc05f41f52 .av-subheading{\nfont-size:15px;\n}\n\n@media only screen and (min-width: 480px) and (max-width: 767px){ \n#top #wrap_all .av-special-heading.av-loegm3av-573ad0cc509d494bed7e44fc05f41f52 .av-special-heading-tag{\nfont-size:0.8em;\n}\n}\n\n@media only screen and (max-width: 479px){ \n#top #wrap_all .av-special-heading.av-loegm3av-573ad0cc509d494bed7e44fc05f41f52 .av-special-heading-tag{\nfont-size:0.8em;\n}\n}\n<\/style>\n<div  class='av-special-heading av-loegm3av-573ad0cc509d494bed7e44fc05f41f52 av-special-heading-h3 blockquote modern-quote  avia-builder-el-2  avia-builder-el-no-sibling  av-inherit-size'><h3 class='av-special-heading-tag'  itemprop=\"headline\"  >L\u2019empreinte Massa<\/h3><div class=\"special-heading-border\"><div class=\"special-heading-inner-border\"><\/div><\/div><\/div>\n<\/div><\/div><\/div><!-- close content main div --><\/div><\/div><div id='after_section_1'  class='main_color av_default_container_wrap container_wrap sidebar_right'  ><div class='container av-section-cont-open' ><div class='template-page content  av-content-small alpha units'><div class='post-entry post-entry-type-page post-entry-25243'><div class='entry-content-wrapper clearfix'><div  class='flex_column av-av_four_fifth-aa5fe5534a8b570dbeaa0c2725258fec av_four_fifth  avia-builder-el-3  el_after_av_section  el_before_av_one_half  avia-builder-el-first  first flex_column_div  '     ><section  class='av_textblock_section av-kg0tfmi9-a2a7aba2cac6eb05da0723926b73e73a '   itemscope=\"itemscope\" itemtype=\"https:\/\/schema.org\/CreativeWork\" ><div class='avia_textblock'  itemprop=\"text\" ><h4>Les excellents r\u00e9sultats obtenus au cours du temps (mod\u00e8le et allures, Championnats de France, Jeux Olympiques, Jeux Equestres Mondiaux, Championnats d\u2019Europe, Coupes du Monde, Coupes des Nations \u2026) ont d\u00e9montr\u00e9 la pertinence de la ligne choisie et l\u2019int\u00e9r\u00eat de rester fid\u00e8le \u00e0 ses id\u00e9es.<\/h4>\n<\/div><\/section><\/div><div class='flex_column_table av-eco8f-51f4b8cae0efaaedacf24f291f12400f sc-av_one_half av-equal-height-column-flextable'>\n<style type=\"text\/css\" data-created_by=\"avia_inline_auto\" id=\"style-css-av-eco8f-51f4b8cae0efaaedacf24f291f12400f\">\n.flex_column.av-eco8f-51f4b8cae0efaaedacf24f291f12400f{\nborder-radius:0px 0px 0px 0px;\npadding:50px 0px 0px 0px;\n}\n<\/style>\n<div  class='flex_column av-eco8f-51f4b8cae0efaaedacf24f291f12400f av_one_half  avia-builder-el-5  el_after_av_four_fifth  el_before_av_one_half  first flex_column_table_cell av-equal-height-column av-align-middle  '     ><p>\n<style type=\"text\/css\" data-created_by=\"avia_inline_auto\" id=\"style-css-av-jp176ntx-81d9b2596357afbb24dbf9d21b069fc1\">\n.avia-image-container.av-jp176ntx-81d9b2596357afbb24dbf9d21b069fc1 img.avia_image{\nbox-shadow:none;\n}\n.avia-image-container.av-jp176ntx-81d9b2596357afbb24dbf9d21b069fc1 .av-image-caption-overlay-center{\ncolor:#ffffff;\n}\n<\/style>\n<div  class='avia-image-container av-jp176ntx-81d9b2596357afbb24dbf9d21b069fc1 av-styling- avia-align-center  avia-builder-el-6  el_before_av_image  avia-builder-el-first '   itemprop=\"image\" itemscope=\"itemscope\" itemtype=\"https:\/\/schema.org\/ImageObject\" ><div class=\"avia-image-container-inner\"><div class=\"avia-image-overlay-wrap\"><img decoding=\"async\" class='wp-image- avia-img-lazy-loading-not- avia_image ' src=\"https:\/\/elevagemassa.com\/wp-content\/uploads\/2020\/12\/IMG_2847-495x400.jpg\" alt='' title=''   itemprop=\"thumbnailUrl\"  \/><\/div><\/div><\/div><br \/>\n\n<style type=\"text\/css\" data-created_by=\"avia_inline_auto\" id=\"style-css-av-lod28v7m-671032bbb39001205e7426eb73c523e2\">\n.avia-image-container.av-lod28v7m-671032bbb39001205e7426eb73c523e2 img.avia_image{\nbox-shadow:none;\n}\n.avia-image-container.av-lod28v7m-671032bbb39001205e7426eb73c523e2 .av-image-caption-overlay-center{\ncolor:#ffffff;\n}\n<\/style>\n<div  class='avia-image-container av-lod28v7m-671032bbb39001205e7426eb73c523e2 av-styling- avia-align-center  avia-builder-el-7  el_after_av_image  avia-builder-el-last '   itemprop=\"image\" itemscope=\"itemscope\" itemtype=\"https:\/\/schema.org\/ImageObject\" ><div class=\"avia-image-container-inner\"><div class=\"avia-image-overlay-wrap\"><img decoding=\"async\" class='wp-image-35848 avia-img-lazy-loading-not-35848 avia_image ' src=\"https:\/\/elevagemassa.com\/wp-content\/uploads\/2023\/10\/mh-pur-sang-lusitanien-01.jpg\" alt='' title='mh-pur-sang-lusitanien-01'  height=\"1280\" width=\"1537\"  itemprop=\"thumbnailUrl\" srcset=\"https:\/\/elevagemassa.com\/wp-content\/uploads\/2023\/10\/mh-pur-sang-lusitanien-01.jpg 1537w, https:\/\/elevagemassa.com\/wp-content\/uploads\/2023\/10\/mh-pur-sang-lusitanien-01-300x250.jpg 300w, https:\/\/elevagemassa.com\/wp-content\/uploads\/2023\/10\/mh-pur-sang-lusitanien-01-1030x858.jpg 1030w, https:\/\/elevagemassa.com\/wp-content\/uploads\/2023\/10\/mh-pur-sang-lusitanien-01-768x640.jpg 768w, https:\/\/elevagemassa.com\/wp-content\/uploads\/2023\/10\/mh-pur-sang-lusitanien-01-1500x1249.jpg 1500w, https:\/\/elevagemassa.com\/wp-content\/uploads\/2023\/10\/mh-pur-sang-lusitanien-01-705x587.jpg 705w\" sizes=\"(max-width: 1537px) 100vw, 1537px\" \/><\/div><\/div><\/div><\/p><\/div><\/p>\n<div class='av-flex-placeholder'><\/div>\n<style type=\"text\/css\" data-created_by=\"avia_inline_auto\" id=\"style-css-av-vdbjq3-cb1a5f762d34a0a0684297745f3f8638\">\n.flex_column.av-vdbjq3-cb1a5f762d34a0a0684297745f3f8638{\nborder-radius:0px 0px 0px 0px;\npadding:0px 0px 0px 0px;\n}\n<\/style>\n<div  class='flex_column av-vdbjq3-cb1a5f762d34a0a0684297745f3f8638 av_one_half  avia-builder-el-8  el_after_av_one_half  el_before_av_one_half  flex_column_table_cell av-equal-height-column av-align-middle av-zero-column-padding  '     ><style type=\"text\/css\" data-created_by=\"avia_inline_auto\" id=\"style-css-av-kg0tobu7-b9410e03e36d5d90c0d8ab2669f99f04\">\n#top .av_textblock_section.av-kg0tobu7-b9410e03e36d5d90c0d8ab2669f99f04 .avia_textblock{\ntext-align:justify;\n}\n<\/style>\n<section  class='av_textblock_section av-kg0tobu7-b9410e03e36d5d90c0d8ab2669f99f04 '   itemscope=\"itemscope\" itemtype=\"https:\/\/schema.org\/CreativeWork\" ><div class='avia_textblock'  itemprop=\"text\" ><h3 style=\"text-align: justify;\">Le PSL* \u2013 Massa : Un cheval remarquable<\/h3>\n<p style=\"text-align: justify;\">Les chevaux Purs Sang Lusitaniens Massa sont tr\u00e8s performants en Comp\u00e9tition Internationale de Dressage. La force de l\u2019\u00e9levage Massa est d\u2019avoir su garder le tr\u00e8s bon mental et l\u2019excellente capacit\u00e9 \u00e0 se rassembler des PSL tout en am\u00e9liorant leur propension \u00e0 s\u2019\u00e9tendre et leur propulsion\u2026.<\/p>\n<\/div><\/section><br \/>\n\n<style type=\"text\/css\" data-created_by=\"avia_inline_auto\" id=\"style-css-av-lod2lwy7-f25ed2b02517391dd601db7c352add90\">\n#top .hr.hr-invisible.av-lod2lwy7-f25ed2b02517391dd601db7c352add90{\nheight:100px;\n}\n<\/style>\n<div  class='hr av-lod2lwy7-f25ed2b02517391dd601db7c352add90 hr-invisible  avia-builder-el-10  el_after_av_textblock  el_before_av_textblock '><span class='hr-inner '><span class=\"hr-inner-style\"><\/span><\/span><\/div><br \/>\n\n<style type=\"text\/css\" data-created_by=\"avia_inline_auto\" id=\"style-css-av-lod2kqof-ca7c06152b756e8c13ac3bd188d2dd50\">\n#top .av_textblock_section.av-lod2kqof-ca7c06152b756e8c13ac3bd188d2dd50 .avia_textblock{\ntext-align:justify;\n}\n<\/style>\n<section  class='av_textblock_section av-lod2kqof-ca7c06152b756e8c13ac3bd188d2dd50 '   itemscope=\"itemscope\" itemtype=\"https:\/\/schema.org\/CreativeWork\" ><div class='avia_textblock'  itemprop=\"text\" ><p style=\"text-align: justify;\"><span style=\"font-size: 13px;\">M\u00e9daille de bronze aux Championnats d\u2019Europe junior de Kronberg 2023 avec l\u2019\u00e9quipe Anglaise<br \/>\n<\/span><span style=\"font-size: 11px;\">Photo : Sophie Edmunds Photography \u00a9<br \/>\n<\/span><em><span style=\"font-size: 11px;\">* Pur Sang Lusitanien<\/span><\/em><\/p>\n<\/div><\/section><\/p><\/div><\/div><!--close column table wrapper. Autoclose: 1 -->\n<div class='flex_column_table av-bsyjb-2-bfd5334c056f6307cdd7808cda79d22d sc-av_one_half av-equal-height-column-flextable'>\n<style type=\"text\/css\" data-created_by=\"avia_inline_auto\" id=\"style-css-av-bsyjb-2-bfd5334c056f6307cdd7808cda79d22d\">\n.flex_column.av-bsyjb-2-bfd5334c056f6307cdd7808cda79d22d{\nborder-radius:0px 0px 0px 0px;\npadding:0px 0px 0px 0px;\n}\n<\/style>\n<div  class='flex_column av-bsyjb-2-bfd5334c056f6307cdd7808cda79d22d av_one_half  avia-builder-el-12  el_after_av_one_half  el_before_av_one_half  first flex_column_table_cell av-equal-height-column av-align-middle av-zero-column-padding  column-top-margin'     ><p>\n<style type=\"text\/css\" data-created_by=\"avia_inline_auto\" id=\"style-css-av-jp176ntx-3-f490ceb21e71f8fbc81515e87d5a1623\">\n.avia-image-container.av-jp176ntx-3-f490ceb21e71f8fbc81515e87d5a1623 img.avia_image{\nbox-shadow:none;\n}\n.avia-image-container.av-jp176ntx-3-f490ceb21e71f8fbc81515e87d5a1623 .av-image-caption-overlay-center{\ncolor:#ffffff;\n}\n<\/style>\n<div  class='avia-image-container av-jp176ntx-3-f490ceb21e71f8fbc81515e87d5a1623 av-styling- avia-align-center  avia-builder-el-13  el_before_av_textblock  avia-builder-el-first '   itemprop=\"image\" itemscope=\"itemscope\" itemtype=\"https:\/\/schema.org\/ImageObject\" ><div class=\"avia-image-container-inner\"><div class=\"avia-image-overlay-wrap\"><img decoding=\"async\" class='wp-image-29408 avia-img-lazy-loading-not-29408 avia_image ' src=\"https:\/\/elevagemassa.com\/wp-content\/uploads\/2023\/08\/Logo-CDF-300x169-1.jpg\" alt='' title='Logo-CDF-300x169'  height=\"169\" width=\"300\"  itemprop=\"thumbnailUrl\"  \/><\/div><\/div><\/div><br \/>\n\n<style type=\"text\/css\" data-created_by=\"avia_inline_auto\" id=\"style-css-av-kg0trk1w-cc57477ed5d10a49769cbe35f30cfdec\">\n#top .av_textblock_section.av-kg0trk1w-cc57477ed5d10a49769cbe35f30cfdec .avia_textblock{\ntext-align:justify;\n}\n<\/style>\n<section  class='av_textblock_section av-kg0trk1w-cc57477ed5d10a49769cbe35f30cfdec '   itemscope=\"itemscope\" itemtype=\"https:\/\/schema.org\/CreativeWork\" ><div class='avia_textblock'  itemprop=\"text\" ><h3 style=\"text-align: justify;\">Le CDF* : Cheval de Dressage Fran\u00e7ais<\/h3>\n<p style=\"text-align: justify;\">\u00ab Fabriqu\u00e9 en France \u00bb<br \/>\nReconnu par le minist\u00e8re de l\u2019agriculture, le stud book Cheval de Dressage Fran\u00e7ais &#8211; CDF\u00a0 est le fruit de 45 ans de s\u00e9lection et d\u2019une reconnaissance mondiale sur les crit\u00e8res de race \u00e9tablis des chevaux Massa.<br \/>\nSylvain Massa, Anne-Sophie de La Gatinais, Caroline Rioche et Vincent Guilloteau se sont unis pour cr\u00e9er ce nouveau Stud-Book. Une d\u00e9marche aux couleurs de la France qui va promouvoir nos excellents \u00e9quid\u00e9s de dressage et notre nation. L\u2019union fait la force.<\/p>\n<p style=\"text-align: justify;\">Pour obtenir des informations suppl\u00e9mentaires sur l&#8217;inscription de votre cheval au stud-book CDF<\/p>\n<div  class='avia-button-wrap av-gzx9n-79b699b1102895b8b4c7031d7c2bd906-wrap avia-button-left  avia-builder-el-15  avia-builder-el-no-sibling '><a href='https:\/\/elevagemassa.com\/en\/?page_id=2100'  class='avia-button av-gzx9n-79b699b1102895b8b4c7031d7c2bd906 avia-icon_select-no avia-size-small avia-position-left avia-color-dark'  ><span class='avia_iconbox_title' >CLIQUEZ ICI<\/span><\/a><\/div>\n<\/div><\/section><br \/>\n\n<style type=\"text\/css\" data-created_by=\"avia_inline_auto\" id=\"style-css-av-lod2t8dq-315ce70b7048a38e7e9ea326eb7105bd\">\n#top .av_textblock_section.av-lod2t8dq-315ce70b7048a38e7e9ea326eb7105bd .avia_textblock{\ntext-align:justify;\n}\n<\/style>\n<section  class='av_textblock_section av-lod2t8dq-315ce70b7048a38e7e9ea326eb7105bd '   itemscope=\"itemscope\" itemtype=\"https:\/\/schema.org\/CreativeWork\" ><div class='avia_textblock'  itemprop=\"text\" ><p style=\"text-align: justify;\"><span style=\"font-size: 11px;\">Photo : Cyrielle Temmerman \u00a9<br \/>\n<\/span><em><span style=\"font-size: 11px;\">* Cheval Dressage Fran\u00e7ais<\/span><\/em><\/p>\n<\/div><\/section><\/p><\/div>\n<div class='av-flex-placeholder'><\/div>\n<style type=\"text\/css\" data-created_by=\"avia_inline_auto\" id=\"style-css-av-eco8f-4-8962984a2f7d1ee4897260494fea1b8f\">\n.flex_column.av-eco8f-4-8962984a2f7d1ee4897260494fea1b8f{\nborder-radius:0px 0px 0px 0px;\npadding:50px 0px 0px 0px;\n}\n<\/style>\n<div  class='flex_column av-eco8f-4-8962984a2f7d1ee4897260494fea1b8f av_one_half  avia-builder-el-17  el_after_av_one_half  avia-builder-el-last  flex_column_table_cell av-equal-height-column av-align-middle  column-top-margin'     ><style type=\"text\/css\" data-created_by=\"avia_inline_auto\" id=\"style-css-av-loa995xb-a7b1cb757bdb5dc5c36c9001121eff72\">\n.avia-image-container.av-loa995xb-a7b1cb757bdb5dc5c36c9001121eff72 img.avia_image{\nbox-shadow:none;\n}\n.avia-image-container.av-loa995xb-a7b1cb757bdb5dc5c36c9001121eff72 .av-image-caption-overlay-center{\ncolor:#ffffff;\n}\n<\/style>\n<div  class='avia-image-container av-loa995xb-a7b1cb757bdb5dc5c36c9001121eff72 av-styling- avia-align-center  avia-builder-el-18  avia-builder-el-no-sibling '   itemprop=\"image\" itemscope=\"itemscope\" itemtype=\"https:\/\/schema.org\/ImageObject\" ><div class=\"avia-image-container-inner\"><div class=\"avia-image-overlay-wrap\"><img decoding=\"async\" class='wp-image-36275 avia-img-lazy-loading-not-36275 avia_image ' src=\"https:\/\/elevagemassa.com\/wp-content\/uploads\/2023\/10\/mh-cheval-dressage-francais-03-1030x858.jpg\" alt='' title='mh-cheval-dressage-francais-03'  height=\"858\" width=\"1030\"  itemprop=\"thumbnailUrl\" srcset=\"https:\/\/elevagemassa.com\/wp-content\/uploads\/2023\/10\/mh-cheval-dressage-francais-03-1030x858.jpg 1030w, https:\/\/elevagemassa.com\/wp-content\/uploads\/2023\/10\/mh-cheval-dressage-francais-03-300x250.jpg 300w, https:\/\/elevagemassa.com\/wp-content\/uploads\/2023\/10\/mh-cheval-dressage-francais-03-768x640.jpg 768w, https:\/\/elevagemassa.com\/wp-content\/uploads\/2023\/10\/mh-cheval-dressage-francais-03-1500x1249.jpg 1500w, https:\/\/elevagemassa.com\/wp-content\/uploads\/2023\/10\/mh-cheval-dressage-francais-03-705x587.jpg 705w, https:\/\/elevagemassa.com\/wp-content\/uploads\/2023\/10\/mh-cheval-dressage-francais-03.jpg 1537w\" sizes=\"(max-width: 1030px) 100vw, 1030px\" \/><\/div><\/div><\/div><\/div><\/div><!--close column table wrapper. Autoclose: 1 -->\n","protected":false},"excerpt":{"rendered":"","protected":false},"author":3,"featured_media":0,"parent":0,"menu_order":0,"comment_status":"closed","ping_status":"closed","template":"","meta":{"_acf_changed":false,"_monsterinsights_skip_tracking":false,"_monsterinsights_sitenote_active":false,"_monsterinsights_sitenote_note":"","_monsterinsights_sitenote_category":0,"footnotes":""},"class_list":["post-25243","page","type-page","status-publish","hentry"],"acf":[],"yoast_head":"<!-- This site is optimized with the Yoast SEO plugin v27.4 - https:\/\/yoast.com\/product\/yoast-seo-wordpress\/ -->\n<title>Nos races - Massa Horses<\/title>\n<meta name=\"robots\" content=\"index, follow, max-snippet:-1, max-image-preview:large, max-video-preview:-1\" \/>\n<link rel=\"canonical\" href=\"https:\/\/elevagemassa.com\/en\/nos-races\/\" \/>\n<meta property=\"og:locale\" content=\"en_US\" \/>\n<meta property=\"og:type\" content=\"article\" \/>\n<meta property=\"og:title\" content=\"Nos races - Massa Horses\" \/>\n<meta property=\"og:url\" content=\"https:\/\/elevagemassa.com\/en\/nos-races\/\" \/>\n<meta property=\"og:site_name\" content=\"Massa Horses\" \/>\n<meta property=\"article:modified_time\" content=\"2023-10-31T15:10:39+00:00\" \/>\n<meta name=\"twitter:card\" content=\"summary_large_image\" \/>\n<meta name=\"twitter:label1\" content=\"Est. reading time\" \/>\n\t<meta name=\"twitter:data1\" content=\"8 minutes\" \/>\n<script type=\"application\/ld+json\" class=\"yoast-schema-graph\">{\"@context\":\"https:\\\/\\\/schema.org\",\"@graph\":[{\"@type\":\"WebPage\",\"@id\":\"https:\\\/\\\/elevagemassa.com\\\/en\\\/nos-races\\\/\",\"url\":\"https:\\\/\\\/elevagemassa.com\\\/en\\\/nos-races\\\/\",\"name\":\"Nos races - Massa Horses\",\"isPartOf\":{\"@id\":\"https:\\\/\\\/elevagemassa.com\\\/en\\\/#website\"},\"datePublished\":\"2018-11-28T10:05:11+00:00\",\"dateModified\":\"2023-10-31T15:10:39+00:00\",\"breadcrumb\":{\"@id\":\"https:\\\/\\\/elevagemassa.com\\\/en\\\/nos-races\\\/#breadcrumb\"},\"inLanguage\":\"en-US\",\"potentialAction\":[{\"@type\":\"ReadAction\",\"target\":[\"https:\\\/\\\/elevagemassa.com\\\/en\\\/nos-races\\\/\"]}]},{\"@type\":\"BreadcrumbList\",\"@id\":\"https:\\\/\\\/elevagemassa.com\\\/en\\\/nos-races\\\/#breadcrumb\",\"itemListElement\":[{\"@type\":\"ListItem\",\"position\":1,\"name\":\"Home\",\"item\":\"https:\\\/\\\/elevagemassa.com\\\/en\\\/\"},{\"@type\":\"ListItem\",\"position\":2,\"name\":\"Nos races\"}]},{\"@type\":\"WebSite\",\"@id\":\"https:\\\/\\\/elevagemassa.com\\\/en\\\/#website\",\"url\":\"https:\\\/\\\/elevagemassa.com\\\/en\\\/\",\"name\":\"Massa Horses\",\"description\":\"Vente et entra\u00eenement de chevaux de dressage\",\"potentialAction\":[{\"@type\":\"SearchAction\",\"target\":{\"@type\":\"EntryPoint\",\"urlTemplate\":\"https:\\\/\\\/elevagemassa.com\\\/en\\\/?s={search_term_string}\"},\"query-input\":{\"@type\":\"PropertyValueSpecification\",\"valueRequired\":true,\"valueName\":\"search_term_string\"}}],\"inLanguage\":\"en-US\"}]}<\/script>\n<!-- \/ Yoast SEO plugin. -->","yoast_head_json":{"title":"Nos races - Massa Horses","robots":{"index":"index","follow":"follow","max-snippet":"max-snippet:-1","max-image-preview":"max-image-preview:large","max-video-preview":"max-video-preview:-1"},"canonical":"https:\/\/elevagemassa.com\/en\/nos-races\/","og_locale":"en_US","og_type":"article","og_title":"Nos races - Massa Horses","og_url":"https:\/\/elevagemassa.com\/en\/nos-races\/","og_site_name":"Massa Horses","article_modified_time":"2023-10-31T15:10:39+00:00","twitter_card":"summary_large_image","twitter_misc":{"Est. reading time":"8 minutes"},"schema":{"@context":"https:\/\/schema.org","@graph":[{"@type":"WebPage","@id":"https:\/\/elevagemassa.com\/en\/nos-races\/","url":"https:\/\/elevagemassa.com\/en\/nos-races\/","name":"Nos races - Massa Horses","isPartOf":{"@id":"https:\/\/elevagemassa.com\/en\/#website"},"datePublished":"2018-11-28T10:05:11+00:00","dateModified":"2023-10-31T15:10:39+00:00","breadcrumb":{"@id":"https:\/\/elevagemassa.com\/en\/nos-races\/#breadcrumb"},"inLanguage":"en-US","potentialAction":[{"@type":"ReadAction","target":["https:\/\/elevagemassa.com\/en\/nos-races\/"]}]},{"@type":"BreadcrumbList","@id":"https:\/\/elevagemassa.com\/en\/nos-races\/#breadcrumb","itemListElement":[{"@type":"ListItem","position":1,"name":"Home","item":"https:\/\/elevagemassa.com\/en\/"},{"@type":"ListItem","position":2,"name":"Nos races"}]},{"@type":"WebSite","@id":"https:\/\/elevagemassa.com\/en\/#website","url":"https:\/\/elevagemassa.com\/en\/","name":"Massa Horses","description":"Vente et entra\u00eenement de chevaux de dressage","potentialAction":[{"@type":"SearchAction","target":{"@type":"EntryPoint","urlTemplate":"https:\/\/elevagemassa.com\/en\/?s={search_term_string}"},"query-input":{"@type":"PropertyValueSpecification","valueRequired":true,"valueName":"search_term_string"}}],"inLanguage":"en-US"}]}},"_links":{"self":[{"href":"https:\/\/elevagemassa.com\/en\/wp-json\/wp\/v2\/pages\/25243","targetHints":{"allow":["GET"]}}],"collection":[{"href":"https:\/\/elevagemassa.com\/en\/wp-json\/wp\/v2\/pages"}],"about":[{"href":"https:\/\/elevagemassa.com\/en\/wp-json\/wp\/v2\/types\/page"}],"author":[{"embeddable":true,"href":"https:\/\/elevagemassa.com\/en\/wp-json\/wp\/v2\/users\/3"}],"replies":[{"embeddable":true,"href":"https:\/\/elevagemassa.com\/en\/wp-json\/wp\/v2\/comments?post=25243"}],"version-history":[{"count":75,"href":"https:\/\/elevagemassa.com\/en\/wp-json\/wp\/v2\/pages\/25243\/revisions"}],"predecessor-version":[{"id":36337,"href":"https:\/\/elevagemassa.com\/en\/wp-json\/wp\/v2\/pages\/25243\/revisions\/36337"}],"wp:attachment":[{"href":"https:\/\/elevagemassa.com\/en\/wp-json\/wp\/v2\/media?parent=25243"}],"curies":[{"name":"wp","href":"https:\/\/api.w.org\/{rel}","templated":true}]}}