{"id":2203,"date":"2023-08-18T11:05:00","date_gmt":"2023-08-18T09:05:00","guid":{"rendered":"https:\/\/elevagemassa.com\/activites\/centre-elevage-2\/"},"modified":"2023-10-31T16:01:37","modified_gmt":"2023-10-31T15:01:37","slug":"sylvain-massa","status":"publish","type":"page","link":"https:\/\/elevagemassa.com\/en\/sylvain-massa\/","title":{"rendered":"Sylvain Massa"},"content":{"rendered":"\n<style type=\"text\/css\" data-created_by=\"avia_inline_auto\" id=\"style-css-av-av_section-7d50cf2fe2911e64d05de3f96cc64cf7\">\n.avia-section.av-av_section-7d50cf2fe2911e64d05de3f96cc64cf7{\nbackground-color:#f6f1eb;\nbackground-image:unset;\n}\n<\/style>\n<div id='av_section_1'  class='avia-section av-av_section-7d50cf2fe2911e64d05de3f96cc64cf7 main_color avia-section-default avia-no-shadow  avia-builder-el-0  el_before_av_one_third  avia-builder-el-first  avia-bg-style-scroll container_wrap sidebar_right'  ><div class='container av-section-cont-open' ><main  role=\"main\" itemprop=\"mainContentOfPage\"  class='template-page content  av-content-small alpha units'><div class='post-entry post-entry-type-page post-entry-2203'><div class='entry-content-wrapper clearfix'>\n\n<style type=\"text\/css\" data-created_by=\"avia_inline_auto\" id=\"style-css-av-loefuvza-6860b9a81a2393037d53f230fa6d0be2\">\n#top .av-special-heading.av-loefuvza-6860b9a81a2393037d53f230fa6d0be2{\npadding-bottom:10px;\nfont-size:30px;\n}\nbody .av-special-heading.av-loefuvza-6860b9a81a2393037d53f230fa6d0be2 .av-special-heading-tag .heading-char{\nfont-size:25px;\n}\n#top #wrap_all .av-special-heading.av-loefuvza-6860b9a81a2393037d53f230fa6d0be2 .av-special-heading-tag{\nfont-size:30px;\n}\n.av-special-heading.av-loefuvza-6860b9a81a2393037d53f230fa6d0be2 .av-subheading{\nfont-size:15px;\n}\n\n@media only screen and (min-width: 480px) and (max-width: 767px){ \n#top #wrap_all .av-special-heading.av-loefuvza-6860b9a81a2393037d53f230fa6d0be2 .av-special-heading-tag{\nfont-size:0.8em;\n}\n}\n\n@media only screen and (max-width: 479px){ \n#top #wrap_all .av-special-heading.av-loefuvza-6860b9a81a2393037d53f230fa6d0be2 .av-special-heading-tag{\nfont-size:0.8em;\n}\n}\n<\/style>\n<div  class='av-special-heading av-loefuvza-6860b9a81a2393037d53f230fa6d0be2 av-special-heading-h3 blockquote modern-quote  avia-builder-el-1  avia-builder-el-no-sibling  av-inherit-size'><h3 class='av-special-heading-tag'  itemprop=\"headline\"  >L\u2019homme et ses convictions<\/h3><div class=\"special-heading-border\"><div class=\"special-heading-inner-border\"><\/div><\/div><\/div>\n<\/div><\/div><\/main><!-- close content main element --><\/div><\/div><div id='after_section_1'  class='main_color av_default_container_wrap container_wrap sidebar_right'  ><div class='container av-section-cont-open' ><div class='template-page content  av-content-small alpha units'><div class='post-entry post-entry-type-page post-entry-2203'><div class='entry-content-wrapper clearfix'><div class='flex_column_table av-eco8f-8a1c1e09b57acaae4d1356c665052b5d sc-av_one_third av-equal-height-column-flextable'>\n<style type=\"text\/css\" data-created_by=\"avia_inline_auto\" id=\"style-css-av-eco8f-8a1c1e09b57acaae4d1356c665052b5d\">\n.flex_column.av-eco8f-8a1c1e09b57acaae4d1356c665052b5d{\nborder-radius:0px 0px 0px 0px;\npadding:0px 0px 0px 0px;\n}\n<\/style>\n<div  class='flex_column av-eco8f-8a1c1e09b57acaae4d1356c665052b5d av_one_third  avia-builder-el-2  el_after_av_section  el_before_av_two_third  avia-builder-el-first  first flex_column_table_cell av-equal-height-column av-align-top  '     ><p>\n<style type=\"text\/css\" data-created_by=\"avia_inline_auto\" id=\"style-css-av-locloet6-ba27088082cbb1e304cb91094b9597ed\">\n.avia-image-container.av-locloet6-ba27088082cbb1e304cb91094b9597ed img.avia_image{\nbox-shadow:none;\n}\n.avia-image-container.av-locloet6-ba27088082cbb1e304cb91094b9597ed .av-image-caption-overlay-center{\ncolor:#ffffff;\n}\n<\/style>\n<div  class='avia-image-container av-locloet6-ba27088082cbb1e304cb91094b9597ed av-styling- avia-align-center  avia-builder-el-3  el_before_av_hr  avia-builder-el-first '   itemprop=\"image\" itemscope=\"itemscope\" itemtype=\"https:\/\/schema.org\/ImageObject\" ><div class=\"avia-image-container-inner\"><div class=\"avia-image-overlay-wrap\"><img decoding=\"async\" class='wp-image-35604 avia-img-lazy-loading-not-35604 avia_image ' src=\"https:\/\/elevagemassa.com\/wp-content\/uploads\/2023\/10\/mh-sylvain-massa-01.jpg\" alt='' title='mh-sylvain-massa-01'  height=\"1000\" width=\"1000\"  itemprop=\"thumbnailUrl\" srcset=\"https:\/\/elevagemassa.com\/wp-content\/uploads\/2023\/10\/mh-sylvain-massa-01.jpg 1000w, https:\/\/elevagemassa.com\/wp-content\/uploads\/2023\/10\/mh-sylvain-massa-01-300x300.jpg 300w, https:\/\/elevagemassa.com\/wp-content\/uploads\/2023\/10\/mh-sylvain-massa-01-80x80.jpg 80w, https:\/\/elevagemassa.com\/wp-content\/uploads\/2023\/10\/mh-sylvain-massa-01-768x768.jpg 768w, https:\/\/elevagemassa.com\/wp-content\/uploads\/2023\/10\/mh-sylvain-massa-01-36x36.jpg 36w, https:\/\/elevagemassa.com\/wp-content\/uploads\/2023\/10\/mh-sylvain-massa-01-180x180.jpg 180w, https:\/\/elevagemassa.com\/wp-content\/uploads\/2023\/10\/mh-sylvain-massa-01-705x705.jpg 705w\" sizes=\"(max-width: 1000px) 100vw, 1000px\" \/><\/div><\/div><\/div><br \/>\n\n<style type=\"text\/css\" data-created_by=\"avia_inline_auto\" id=\"style-css-av-loegbiiy-d708cac8a437001e6cea33f68060407c\">\n#top .hr.hr-invisible.av-loegbiiy-d708cac8a437001e6cea33f68060407c{\nheight:10px;\n}\n<\/style>\n<div  class='hr av-loegbiiy-d708cac8a437001e6cea33f68060407c hr-invisible  avia-builder-el-4  el_after_av_image  el_before_av_textblock '><span class='hr-inner '><span class=\"hr-inner-style\"><\/span><\/span><\/div><br \/>\n\n<style type=\"text\/css\" data-created_by=\"avia_inline_auto\" id=\"style-css-av-jp1791f2-46f6b3526ef4f3eb178a88ee2523e3f0\">\n#top .av_textblock_section.av-jp1791f2-46f6b3526ef4f3eb178a88ee2523e3f0 .avia_textblock{\nfont-size:14px;\ntext-align:justify;\n}\n<\/style>\n<section  class='av_textblock_section av-jp1791f2-46f6b3526ef4f3eb178a88ee2523e3f0 '   itemscope=\"itemscope\" itemtype=\"https:\/\/schema.org\/CreativeWork\" ><div class='avia_textblock'  itemprop=\"text\" ><div class=\"one_third\">\n<h5 style=\"text-align: justify;\">N\u00e9 en 1948, \u00e0 Cannes, Sylvain MASSA grandit en famille sur la C\u00f4te d\u2019Azur. A l\u2019\u00e2ge de 25 ans, cavalier de saut d\u2019obstacles depuis d\u00e9j\u00e0 plusieurs ann\u00e9es, Sylvain MASSA fut s\u00e9duit par un lusitanien dress\u00e9.<\/h5>\n<\/div>\n<\/div><\/section><br \/>\n\n<style type=\"text\/css\" data-created_by=\"avia_inline_auto\" id=\"style-css-av-loeghl5f-39d9048a309ba89f35d43b7f2b650bd9\">\n#top .hr.av-loeghl5f-39d9048a309ba89f35d43b7f2b650bd9{\nmargin-top:10px;\nmargin-bottom:30px;\n}\n.hr.av-loeghl5f-39d9048a309ba89f35d43b7f2b650bd9 .hr-inner{\nwidth:100px;\n}\n<\/style>\n<div  class='hr av-loeghl5f-39d9048a309ba89f35d43b7f2b650bd9 hr-custom  avia-builder-el-6  el_after_av_textblock  avia-builder-el-last  hr-left hr-icon-no'><span class='hr-inner inner-border-av-border-fat'><span class=\"hr-inner-style\"><\/span><\/span><\/div><\/p><\/div><div class='av-flex-placeholder'><\/div>\n<style type=\"text\/css\" data-created_by=\"avia_inline_auto\" id=\"style-css-av-bsyjb-14c7a754e9cdd9e28635f82c0911b15e\">\n.flex_column.av-bsyjb-14c7a754e9cdd9e28635f82c0911b15e{\nborder-radius:0px 0px 0px 0px;\npadding:0px 0px 0px 0px;\n}\n<\/style>\n<div  class='flex_column av-bsyjb-14c7a754e9cdd9e28635f82c0911b15e av_two_third  avia-builder-el-7  el_after_av_one_third  el_before_av_one_third  flex_column_table_cell av-equal-height-column av-align-top av-zero-column-padding  '     ><style type=\"text\/css\" data-created_by=\"avia_inline_auto\" id=\"style-css-av-jp1791f2-1-fbb0927efe07c02913db3ac7fe7342fd\">\n#top .av_textblock_section.av-jp1791f2-1-fbb0927efe07c02913db3ac7fe7342fd .avia_textblock{\ncolor:#333333;\n}\n<\/style>\n<section  class='av_textblock_section av-jp1791f2-1-fbb0927efe07c02913db3ac7fe7342fd '   itemscope=\"itemscope\" itemtype=\"https:\/\/schema.org\/CreativeWork\" ><div class='avia_textblock av_inherit_color'  itemprop=\"text\" ><h4 style=\"text-align: justify;\"><strong>Sylvain MASSA tomba sous le charme de la beaut\u00e9, de la gentillesse et de la g\u00e9n\u00e9rosit\u00e9 de la race lusitanienne. Les qualit\u00e9s mentales de ce cheval de guerre toujours dispos\u00e9 \u00e0 donner le meilleur de lui-m\u00eame, \u00e0 collaborer avec intelligence et bravoure, et \u00e0 se laisser dresser en parfaite harmonie avec son cavalier ne lui laissent aucun doute : cette race, au si noble caract\u00e8re, est extraordinaire.<\/strong><\/h4>\n<p style=\"text-align: justify;\">\n<p style=\"text-align: justify;\">\n<\/div><\/section><br \/>\n\n<style type=\"text\/css\" data-created_by=\"avia_inline_auto\" id=\"style-css-av-loeg3pvd-12ba9ff2ae9050a023f05cab8879ce03\">\n#top .hr.av-loeg3pvd-12ba9ff2ae9050a023f05cab8879ce03{\nmargin-top:20px;\nmargin-bottom:20px;\n}\n.hr.av-loeg3pvd-12ba9ff2ae9050a023f05cab8879ce03 .hr-inner{\nwidth:2000px;\nborder-color:#cccccc;\n}\n<\/style>\n<div  class='hr av-loeg3pvd-12ba9ff2ae9050a023f05cab8879ce03 hr-custom  avia-builder-el-9  el_after_av_textblock  el_before_av_textblock  hr-center hr-icon-no'><span class='hr-inner inner-border-av-border-thin'><span class=\"hr-inner-style\"><\/span><\/span><\/div><br \/>\n\n<style type=\"text\/css\" data-created_by=\"avia_inline_auto\" id=\"style-css-av-loeg4h9r-fab1b725607c12746d6c533fe4bc91bf\">\n#top .av_textblock_section.av-loeg4h9r-fab1b725607c12746d6c533fe4bc91bf .avia_textblock{\ncolor:#333333;\n}\n<\/style>\n<section  class='av_textblock_section av-loeg4h9r-fab1b725607c12746d6c533fe4bc91bf '   itemscope=\"itemscope\" itemtype=\"https:\/\/schema.org\/CreativeWork\" ><div class='avia_textblock av_inherit_color'  itemprop=\"text\" ><h3 style=\"text-align: justify;\"><\/h3>\n<p style=\"text-align: justify;\">Lorsqu\u2019il ach\u00e8te, voil\u00e0 maintenant plus de 45 ans, un domaine de l\u2019arri\u00e8re-pays varois, Sylvain MASSA d\u00e9cide de cr\u00e9er un \u00e9levage de chevaux lusitaniens de dressage pour concurrencer les meilleures races warmblood. Il a \u00e9t\u00e9 aid\u00e9 dans ses recherches par un \u00e9leveur de renom au Portugal le Docteur BORBA. Il ne le remerciera jamais assez de lui avoir transmis autant de connaissances sur l\u2019\u00e9levage et la g\u00e9n\u00e9tique des chevaux ib\u00e9riques et de lui avoir permis l\u2019acquisition de quelques-unes des meilleures juments de son \u00e9levage (Nortada, Guapa, Ortiga, Tempestade, Janota\u2026) et Maestro, \u00e9talon de Grand Prix International. De cette rencontre s\u2019est concr\u00e9tis\u00e9 cet \u00e9levage aux chevaux rigoureusement s\u00e9lectionn\u00e9s. Pr\u00e8s de quatre d\u00e9cennies de labeur plus tard, Sylvain MASSA est \u00e0 la t\u00eate d\u2019un \u00e9levage comptant plus de 500 chevaux (CDF, PSL, PSH\/CPD*) participant r\u00e9guli\u00e8rement aux concours de dressage internationaux les plus r\u00e9put\u00e9s, comme les Jeux Olympiques ou encore les <a href=\"https:\/\/fr.wikipedia.org\/wiki\/Jeux_%C3%A9questres_mondiaux\" target=\"_blank\" rel=\"noopener\">Jeux \u00c9questre Mondiaux<\/a>.<\/p>\n<p style=\"text-align: justify;\">\n<p style=\"text-align: justify;\">\n<\/div><\/section><\/p><\/div><\/div><!--close column table wrapper. Autoclose: 1 --><div  class='flex_column av-21f0az-8bac4f1ae63592c7edbca4b498cc4fa7 av_one_third  avia-builder-el-11  el_after_av_two_third  el_before_av_two_third  first flex_column_div  column-top-margin'     ><\/div><\/p>\n<div  class='flex_column av-281k9n-9c25742e3755ae27c188aab64980b44e av_two_third  avia-builder-el-12  el_after_av_one_third  avia-builder-el-last  flex_column_div  column-top-margin'     ><section  class='av_textblock_section av-lnxbtzmd-3f991ab2deb52f0e20de460d8a288411 '   itemscope=\"itemscope\" itemtype=\"https:\/\/schema.org\/CreativeWork\" ><div class='avia_textblock'  itemprop=\"text\" ><p><em><span style=\"font-size: 11px;\">* CDF &#8211; Cheval de Dressage Fran\u00e7ais, PSL &#8211; Pure Sang Lusitanien, PSH\/CPD &#8211; Portuguese Sport Horse \/ Cavalo Portugu\u00eas Desporto<\/span><\/em><\/p>\n<\/div><\/section><\/div>\n","protected":false},"excerpt":{"rendered":"","protected":false},"author":3,"featured_media":0,"parent":0,"menu_order":0,"comment_status":"closed","ping_status":"closed","template":"","meta":{"_acf_changed":false,"_monsterinsights_skip_tracking":false,"_monsterinsights_sitenote_active":false,"_monsterinsights_sitenote_note":"","_monsterinsights_sitenote_category":0,"footnotes":""},"class_list":["post-2203","page","type-page","status-publish","hentry"],"acf":[],"yoast_head":"<!-- This site is optimized with the Yoast SEO plugin v27.5 - https:\/\/yoast.com\/product\/yoast-seo-wordpress\/ -->\n<title>Sylvain Massa - Massa Horses<\/title>\n<meta name=\"robots\" content=\"index, follow, max-snippet:-1, max-image-preview:large, max-video-preview:-1\" \/>\n<link rel=\"canonical\" href=\"https:\/\/elevagemassa.com\/en\/sylvain-massa\/\" \/>\n<meta property=\"og:locale\" content=\"en_US\" \/>\n<meta property=\"og:type\" content=\"article\" \/>\n<meta property=\"og:title\" content=\"Sylvain Massa - Massa Horses\" \/>\n<meta property=\"og:url\" content=\"https:\/\/elevagemassa.com\/en\/sylvain-massa\/\" \/>\n<meta property=\"og:site_name\" content=\"Massa Horses\" \/>\n<meta property=\"article:modified_time\" content=\"2023-10-31T15:01:37+00:00\" \/>\n<meta name=\"twitter:card\" content=\"summary_large_image\" \/>\n<meta name=\"twitter:label1\" content=\"Est. reading time\" \/>\n\t<meta name=\"twitter:data1\" content=\"6 minutes\" \/>\n<script type=\"application\/ld+json\" class=\"yoast-schema-graph\">{\"@context\":\"https:\\\/\\\/schema.org\",\"@graph\":[{\"@type\":\"WebPage\",\"@id\":\"https:\\\/\\\/elevagemassa.com\\\/en\\\/sylvain-massa\\\/\",\"url\":\"https:\\\/\\\/elevagemassa.com\\\/en\\\/sylvain-massa\\\/\",\"name\":\"Sylvain Massa - Massa Horses\",\"isPartOf\":{\"@id\":\"https:\\\/\\\/elevagemassa.com\\\/en\\\/#website\"},\"datePublished\":\"2023-08-18T09:05:00+00:00\",\"dateModified\":\"2023-10-31T15:01:37+00:00\",\"breadcrumb\":{\"@id\":\"https:\\\/\\\/elevagemassa.com\\\/en\\\/sylvain-massa\\\/#breadcrumb\"},\"inLanguage\":\"en-US\",\"potentialAction\":[{\"@type\":\"ReadAction\",\"target\":[\"https:\\\/\\\/elevagemassa.com\\\/en\\\/sylvain-massa\\\/\"]}]},{\"@type\":\"BreadcrumbList\",\"@id\":\"https:\\\/\\\/elevagemassa.com\\\/en\\\/sylvain-massa\\\/#breadcrumb\",\"itemListElement\":[{\"@type\":\"ListItem\",\"position\":1,\"name\":\"Home\",\"item\":\"https:\\\/\\\/elevagemassa.com\\\/en\\\/\"},{\"@type\":\"ListItem\",\"position\":2,\"name\":\"Sylvain Massa\"}]},{\"@type\":\"WebSite\",\"@id\":\"https:\\\/\\\/elevagemassa.com\\\/en\\\/#website\",\"url\":\"https:\\\/\\\/elevagemassa.com\\\/en\\\/\",\"name\":\"Massa Horses\",\"description\":\"Vente et entra\u00eenement de chevaux de dressage\",\"potentialAction\":[{\"@type\":\"SearchAction\",\"target\":{\"@type\":\"EntryPoint\",\"urlTemplate\":\"https:\\\/\\\/elevagemassa.com\\\/en\\\/?s={search_term_string}\"},\"query-input\":{\"@type\":\"PropertyValueSpecification\",\"valueRequired\":true,\"valueName\":\"search_term_string\"}}],\"inLanguage\":\"en-US\"}]}<\/script>\n<!-- \/ Yoast SEO plugin. -->","yoast_head_json":{"title":"Sylvain Massa - Massa Horses","robots":{"index":"index","follow":"follow","max-snippet":"max-snippet:-1","max-image-preview":"max-image-preview:large","max-video-preview":"max-video-preview:-1"},"canonical":"https:\/\/elevagemassa.com\/en\/sylvain-massa\/","og_locale":"en_US","og_type":"article","og_title":"Sylvain Massa - Massa Horses","og_url":"https:\/\/elevagemassa.com\/en\/sylvain-massa\/","og_site_name":"Massa Horses","article_modified_time":"2023-10-31T15:01:37+00:00","twitter_card":"summary_large_image","twitter_misc":{"Est. reading time":"6 minutes"},"schema":{"@context":"https:\/\/schema.org","@graph":[{"@type":"WebPage","@id":"https:\/\/elevagemassa.com\/en\/sylvain-massa\/","url":"https:\/\/elevagemassa.com\/en\/sylvain-massa\/","name":"Sylvain Massa - Massa Horses","isPartOf":{"@id":"https:\/\/elevagemassa.com\/en\/#website"},"datePublished":"2023-08-18T09:05:00+00:00","dateModified":"2023-10-31T15:01:37+00:00","breadcrumb":{"@id":"https:\/\/elevagemassa.com\/en\/sylvain-massa\/#breadcrumb"},"inLanguage":"en-US","potentialAction":[{"@type":"ReadAction","target":["https:\/\/elevagemassa.com\/en\/sylvain-massa\/"]}]},{"@type":"BreadcrumbList","@id":"https:\/\/elevagemassa.com\/en\/sylvain-massa\/#breadcrumb","itemListElement":[{"@type":"ListItem","position":1,"name":"Home","item":"https:\/\/elevagemassa.com\/en\/"},{"@type":"ListItem","position":2,"name":"Sylvain Massa"}]},{"@type":"WebSite","@id":"https:\/\/elevagemassa.com\/en\/#website","url":"https:\/\/elevagemassa.com\/en\/","name":"Massa Horses","description":"Vente et entra\u00eenement de chevaux de dressage","potentialAction":[{"@type":"SearchAction","target":{"@type":"EntryPoint","urlTemplate":"https:\/\/elevagemassa.com\/en\/?s={search_term_string}"},"query-input":{"@type":"PropertyValueSpecification","valueRequired":true,"valueName":"search_term_string"}}],"inLanguage":"en-US"}]}},"_links":{"self":[{"href":"https:\/\/elevagemassa.com\/en\/wp-json\/wp\/v2\/pages\/2203","targetHints":{"allow":["GET"]}}],"collection":[{"href":"https:\/\/elevagemassa.com\/en\/wp-json\/wp\/v2\/pages"}],"about":[{"href":"https:\/\/elevagemassa.com\/en\/wp-json\/wp\/v2\/types\/page"}],"author":[{"embeddable":true,"href":"https:\/\/elevagemassa.com\/en\/wp-json\/wp\/v2\/users\/3"}],"replies":[{"embeddable":true,"href":"https:\/\/elevagemassa.com\/en\/wp-json\/wp\/v2\/comments?post=2203"}],"version-history":[{"count":66,"href":"https:\/\/elevagemassa.com\/en\/wp-json\/wp\/v2\/pages\/2203\/revisions"}],"predecessor-version":[{"id":36653,"href":"https:\/\/elevagemassa.com\/en\/wp-json\/wp\/v2\/pages\/2203\/revisions\/36653"}],"wp:attachment":[{"href":"https:\/\/elevagemassa.com\/en\/wp-json\/wp\/v2\/media?parent=2203"}],"curies":[{"name":"wp","href":"https:\/\/api.w.org\/{rel}","templated":true}]}}